{"id":688,"date":"2014-10-03T13:03:56","date_gmt":"2014-10-03T13:03:56","guid":{"rendered":"https:\/\/www.dariocastellino.it\/contacts\/privacy-policy\/"},"modified":"2022-03-30T15:52:54","modified_gmt":"2022-03-30T13:52:54","slug":"privacy-policy","status":"publish","type":"page","link":"https:\/\/www.dariocastellino.it\/en\/contacts\/privacy-policy\/","title":{"rendered":"Privacy Policy"},"content":{"rendered":"<h2>Informativa relativa al trattamento di dati personali Decreto Legislativo del 30 giugno 2003 n. 196<\/h2>\n<h3>Premessa<\/h3>\n<p>Il D.LGS 196\/2003 (Codice in materia di protezione dei dati personali) disciplina il trattamento dei dati personali, intendendosi per trattamento \u201cqualunque operazione o complesso di operazioni effettuati anche senza l\u2019ausilio di strumenti elettronici, concernenti la raccolta, la registrazione, l\u2019organizzazione, la conservazione, la consultazione, l\u2019elaborazione, la modificazione, la selezione, l\u2019estrazione, il raffronto, l\u2019utilizzo, l\u2019interconnessione, il blocco, la comunicazione, la diffusione, la cancellazione e la distruzione di dati, anche se non registrati in una banca dati\u201d.<\/p>\n<p>In via generale la legge prevede per tale trattamento il consenso del soggetto interessato. Inoltre, la legge prevede che al soggetto interessato vengano fornite alcune informazioni che sono comprese nella presente informativa. Conformemente all&#8217;impegno e alla cura che il titolare del trattamento dedica alla tutela dei dati personali, La informiamo sulle modalit\u00e0, finalit\u00e0 e ambito di comunicazione e diffusione dei Suoi dati personali e sui Suoi diritti, in conformit\u00e0 all&#8217;art. 13 del D. Lgs. 196\/2003 secondo i seguenti principi:<\/p>\n<ol>\n<li><strong>Principio di responsabilit\u00e0.<\/strong> Il trattamento di dati personali \u00e8 gestito nel tempo da apposite responsabilit\u00e0 individuate all\u2019interno dell\u2019organizzazione aziendale.<\/li>\n<li><strong>Principio di trasparenza.<\/strong> I dati personali sono raccolti e successivamente trattati secondo i principi espressi nella presente Privacy Policy adottata da <strong><em>Dario Castellino<\/em><\/strong>. Nel caso fosse richiesto per accedere ad un servizio o un&#8217;area del sito il conferimento dei dati verr\u00e0 fornita all\u2019interessato un\u2019informativa, sintetica ma completa, secondo quanto previsto dall\u2019art. 13 del D.lgs. n. 196\/03.<\/li>\n<li><strong>Principio di pertinenza della raccolta.<\/strong> I dati personali sono trattati in modo lecito e secondo correttezza; sono registrati per scopi determinati, espliciti e legittimi; sono pertinenti e non eccedenti le finalit\u00e0 del trattamento; sono conservati per il tempo necessario agli scopi della raccolta.<\/li>\n<li><strong>Principio di finalit\u00e0 dell\u2019utilizzo.<\/strong> Le finalit\u00e0 del trattamento dei dati personali sono rese note agli interessati al momento della raccolta.<\/li>\n<li><strong>Principio di verificabilit\u00e0.<\/strong> I dati personali sono organizzati e conservati in modo che l\u2019interessato, se lo desidera, possa conoscere quali dati sono stati raccolti e registrati, nonch\u00e9 di controllarne la qualit\u00e0 e richiederne l\u2019eventuale correzione, integrazione, cancellazione per violazione di legge od opposizione al trattamento e di esercitare tutti gli altri diritti, ai sensi e nei limiti dell\u2019art. 7 del D.lgs. n. 196\/03.<\/li>\n<li><strong>Principio di sicurezza.<\/strong> I dati personali sono protetti da misure di sicurezza tecniche, informatiche, organizzative, logistiche e procedurali, contro i rischi di distruzione o perdita, anche accidentale, e di accesso non autorizzato o di trattamento non consentito.<\/li>\n<\/ol>\n<h3>Tipologie di dati raccolti<\/h3>\n<h4>Dati di navigazione<\/h4>\n<p>Le procedure software e il sistema informatico preposto al funzionamento dei siti Web acquisiscono, nel corso del loro normale esercizio, alcuni dati la cui trasmissione \u00e8 implicita nell\u2019uso dei protocolli di comunicazione di Internet. Queste informazioni non sono raccolte per essere associate a interessati identificati, ma che per loro stessa natura potrebbero, attraverso elaborazioni ed associazioni con dati detenuti dal Titolare o da terzi, permettere di identificare gli utenti. In questa categoria di dati rientrano gli indirizzi IP o i nomi a dominio dei computer utilizzati dagli utenti che si connettono al sito, gli indirizzi in notazione URI (Uniform Resource Identifier) delle risorse richieste, l\u2019orario della richiesta, il metodo utilizzato nel sottoporre la richiesta al server, la dimensione del file ottenuto in risposta, il codice numerico indicante lo stato della risposta data dal server (buon fine, errore, ecc.) ed altri parametri relativi al sistema operativo e all\u2019ambiente informatico dell\u2019utente.<\/p>\n<p>Questi dati potranno essere utilizzati dal Titolare al solo fine di ricavare informazioni statistiche anonime sull\u2019uso del sito al fine di individuare le pagine preferite dagli utenti in modo da fornire contenuti sempre pi\u00f9 adeguati e per controllarne il corretto funzionamento. I dati potrebbero essere utilizzati per l\u2019accertamento di responsabilit\u00e0 in caso di ipotetici reati informatici ai danni del sito.<\/p>\n<h3 id=\"cookies\">Cookie<\/h3>\n<p>I cookie sono dei file che possono essere registrati sul disco rigido del tuo dispositivo. Questo permette una navigazione pi\u00f9 agevole e una maggiore facilit\u00e0 d&#8217;uso del sito stesso. I cookie possono essere usati per determinare se \u00e8 gi\u00e0 stata effettuata una connessione fra il tuo dispositivo e le nostre pagine.<\/p>\n<p>I cookie presenti su un sito web si dividono nelle seguenti categorie principali:<\/p>\n<ul>\n<li><strong>Cookie tecnici:<\/strong> sono i cookie che servono a effettuare la navigazione o a fornire un servizio richiesto dall&#8217;utente. Non vengono utilizzati per scopi ulteriori e sono normalmente installati direttamente dal titolare del sito web. Questi cookie non richiedono il consenso.<\/li>\n<li><strong>Cookie di profilazione:<\/strong> sono i cookie utilizzati per tracciare la navigazione dell&#8217;utente in rete e creare profili sui suoi gusti, abitudini, scelte, ecc. Con questi cookie possono essere trasmessi al terminale dell&#8217;utente messaggi pubblicitari in linea con le preferenze gi\u00e0 manifestate dallo stesso utente nella navigazione online.<\/li>\n<\/ul>\n<p>La maggior parte dei browser accetta cookie automaticamente. Puoi rifiutare o revocare l&#8217;autorizzazione in ogni momento selezionando i parametri corrispondenti nelle specifiche opzioni del browser in uso. Per avere ulteriori informazioni su come effettuare questa operazione puoi fare riferimento alle istruzioni del tuo browser:<\/p>\n<ul>\n<li><a href=\"https:\/\/support.google.com\/chrome\/answer\/95647?hl=it&amp;p=cpn_cookies\">Google Chrome<\/a><\/li>\n<li><a href=\"https:\/\/support.mozilla.org\/it\/kb\/Attivare%20e%20disattivare%20i%20cookie\">Mozilla Firefox<\/a><\/li>\n<li><a href=\"https:\/\/support.apple.com\/it-it\/HT201265\">Apple Safari<\/a><\/li>\n<li><a href=\"https:\/\/windows.microsoft.com\/it-it\/internet-explorer\/delete-manage-cookies#ie=ie-11\">Microsoft Internet Explorer<\/a><\/li>\n<li><a href=\"https:\/\/privacy.microsoft.com\/it-it\/windows-10-microsoft-edge-and-privacy\">Microsoft Edge<\/a><\/li>\n<\/ul>\n<p>La scelta di non far accettare cookie dal browser pu\u00f2 limitare le funzioni accessibili sul nostro sito.<\/p>\n<p>Questo sito utilizza i seguenti cookie:<\/p>\n<h4>Cookie di prima parte<\/h4>\n<p>Questo sito fa uso dei seguenti cookie tecnici al solo fine di erogare al meglio il servizio:<\/p>\n<ul>\n<li><a href=\"https:\/\/codex.wordpress.org\/WordPress_Cookies\" target=\"_blank\" rel=\"noopener noreferrer\">WordPress<\/a><\/li>\n<li><a href=\"https:\/\/wpml.org\/documentation\/support\/browser-cookies-stored-wpml\/\" target=\"_blank\" rel=\"noopener noreferrer\">WPML<\/a><\/li>\n<li><strong>cookie_notice<\/strong>: serve a ricordare la scelta effettuata dall&#8217;utente che accetta o meno l&#8217;uso dei cookie su questo sito.<\/li>\n<\/ul>\n<h4>Cookie di terze parti<\/h4>\n<p>Questo sito raccoglie informazioni, in forma aggregata, sul numero degli utenti e su come questi visitano il sito stesso, inoltre, per fornire un servizio migliore, utilizza oggetti incorporati per offrire pi\u00f9 funzionalit\u00e0. Per informazioni sulle finalit\u00e0, il tipo e le modalit\u00e0 di raccolta, elaborazione, utilizzo e conservazione dei dati personali da parte della terza parte, nonch\u00e9 per le modalit\u00e0 attraverso cui esercitare i propri diritti, si prega di consultare la politica privacy adottata dalla singola terza parte.<\/p>\n<p>In sintesi vengono scaricati\u00a0i seguenti cookie di terze parti:<\/p>\n<ul>\n<li><a href=\"https:\/\/developers.google.com\/analytics\/devguides\/collection\/analyticsjs\/cookie-usage\" target=\"_blank\" rel=\"noopener noreferrer\">Google Analytics<\/a>:\u00a0assimilati ai cookie tecnici poich\u00e9 viene utilizzata la\u00a0mascheratura dell&#8217;indirizzo IP per raccogliere informazioni, in forma aggregata, sul numero degli utenti e su come questi visitano il sito stesso. \u00c8 possibile scaricare un componente aggiuntivo del browser per disattivare Google Analytics (<a href=\"https:\/\/tools.google.com\/dlpage\/gaoptout?hl=it\">maggiori informazioni<\/a>).<\/li>\n<li><a href=\"https:\/\/policies.google.com\/technologies\/cookies?hl=it\">YouTube-nocookie<\/a>: assimilati ai cookie tecnici poich\u00e9\u00a0viene utilizzata una versione particolare di YouTube, denominata YouTube-nocookie, che scarica i cookie solo all&#8217;effettiva pressione del bottone play di un video.<\/li>\n<li>ReCAPTCHA: assimilati ai cookie tecnici poich\u00e9 si utilizza il dominio www.recaptcha.net al posto di www.google.com (<a href=\"https:\/\/developers.google.com\/recaptcha\/docs\/faq\">info<\/a>).<\/li>\n<\/ul>\n<h4>Utilizzo degli indirizzi IP<\/h4>\n<p>Un indirizzo IP \u00e8 un numero automaticamente assegnato al computer dell&#8217;utente navigatore ogni volta che si connetti ad Internet attraverso il proprio Internet Provider o da una rete LAN\/WAN aziendale che utilizzi i medesimi protocolli Internet. L&#8217;indirizzo IP \u00e8 necessario al server del sito Web per poter inviare le informazioni relaitive alle pagine visitate e permetterne la visualizzazione dei contenuti. Gli indirizzi IP sono in generale anonimi, in quanto non direttamente associabili ad un utente identificato, e vengono utilizzati eventualmente solo per finalit\u00e0 statistiche.<\/p>\n<h4>Raccolta ed utilizzo dei dati personali<\/h4>\n<p><strong><em>Dario Castellino<\/em><\/strong> raccoglie i dati personali dei propri utenti solo nel momento in cui gli stessi si registrano per accedere ad un servizio specifico. Negli altri casi il nostro sito \u00e8 visitabile in forma completamente anonima. I dati che <strong><em>Dario Castellino<\/em><\/strong> richiede per la registrazione sono soltanto quelli definiti dalla Legge \u201ccomuni\u201d (es. dati anagrafici); in nessun caso infatti si richiede agli utenti il conferimento dei cosiddetti dati \u201csensibili\u201d, cos\u00ec definiti dall\u2019art. 4.1 lettera d del \u201dCodice\u201d. Nei casi in cui \u00e8 prevista la registrazione, gli utenti visualizzeranno, alla fine della pagina sulla quale inserire i dati, la casellina relativa all\u2019 \u201cinformativa\u201d, cliccando sulla quale potranno consultare il presente documento al fine di prenderne visione e scegliere di conferire, cliccando nell\u2019apposito spazio, il consenso al trattamento dei dati forniti. Solo conferendo il consenso sar\u00e0 possibile procedere alla registrazione. Il sito utilizza, ai fini della registrazione degli utenti, campi obbligatori e campi facoltativi. I dati da inserire nei campi obbligatori sono strettamente necessari per la fornitura dei servizi. Quelli da inserire nei campi facoltativi sono utili per il miglioramento dei servizi stessi e delle comunicazioni, per rispondere nel migliore dei modi alle esigenze degli utenti e per informarli su offerte speciali e nuovi prodotti.<\/p>\n<h3>Trattamento e conservazione dei dati<\/h3>\n<h4>Modalit\u00e0 di trattamento dei dati<\/h4>\n<p>Strumenti e logiche: in relazione alle finalit\u00e0 sopra richiamate, il trattamento avviene mediante strumenti manuali, informatici e telematici con logiche strettamente correlate alle finalit\u00e0 suddette e, comunque, in modo da garantire la sicurezza e la riservatezza dei dati stessi e con l\u2019impegno da parte Vostra di comunicarci sollecitamente eventuali correzioni, modificazione ed aggiornamenti.<\/p>\n<p>Detto trattamento potr\u00e0 essere effettuato per conto di <strong><em>Dario Castellino<\/em><\/strong> per le finalit\u00e0 e con le modalit\u00e0 sopra descritte e nel rispetto di criteri idonei a garantire sicurezza e riservatezza, da societ\u00e0, studi, enti e collaboratori esterni nominati <em>responsabili<\/em> e solamente per quanto attiene ai trattamenti da loro effettuati.<\/p>\n<h4>Luogo del trattamento dei dati<\/h4>\n<p>I trattamenti connessi ai servizi Web di questo sito hanno luogo presso la sede operativa di Dario Castellino, e sono curati solo dal personale tecnico incaricato dal Titolare del trattamento, oppure da eventuali incaricati di occasionali operazioni di manutenzione. Possono tuttavia transitare e risiedere per il tempo necessario all&#8217;espletamento del servizio presso i server dei fornitori di servizi telematici esterni di Dario Castellino quali (ad esempio, ma non solo) fornitori di connessione internet (ISP) o gestori servizi di posta elettronica.<\/p>\n<h4>Durata<\/h4>\n<p>I dati verranno trattati per tutta la durata dei rapporti contrattuali e non, instaurati. Successivamente lo saranno soltanto per l\u2019espletamento di obblighi di legge ed eventuali finalit\u00e0 commerciali.<\/p>\n<h4>Dati sensibili<\/h4>\n<p>Nessuno dei Vostri dati personali presso <strong><em>Dario Castellino<\/em><\/strong> \u00e8 riconducibile alla definizione di \u201cdato sensibile\u201d o di \u201cdato giudiziario\u201d previsti alle lettere d) ed e) dell\u2019art 4 del D.lgs 196\/2003.<\/p>\n<h3>Diritti degli interessati<\/h3>\n<p>Si informa inoltre che, ai sensi dell&#8217;art. 7 del D.lgs. 196\/2003, l&#8217;interessato al trattamento dei dati ha diritto:<\/p>\n<ul>\n<li>di avere conferma, in modo intelligibile e gratuito, dell&#8217;esistenza o meno di dati personali che lo riguardano presso piazza Galimberti 11, Cuneo;<\/li>\n<li>di ottenere l&#8217;aggiornamento, la rettifica ovvero, quando vi ha interesse, l&#8217;integrazione dei dati;<\/li>\n<li>di ottenere la cancellazione, la trasformazione in forma anonima o il blocco dei dati trattati in violazione di legge o dopo la cessata necessit\u00e0 di conservazione;<\/li>\n<li>di opporsi al trattamento per motivi legittimi o al trattamento a fini di invio di materiale pubblicitario, vendita diretta, ricerche di mercato, comunicazioni commerciali.<\/li>\n<\/ul>\n<p>Per ogni richiesta in tema di privacy e per esercitare i diritti stabiliti dall&#8217;art. 7 del D.lgs. 196\/2003 pu\u00f2 scrivere a\u00a0info@dariocastellino.it.<\/p>\n<p>Si comunica infine che il Titolare del trattamento dei dati personali \u00e8 Dario Castellino con sede legale piazza Galimberti 11, Cuneo.<\/p>\n<p><strong>NB:<\/strong> In qualsiasi momento gli utenti possono esercitare i diritti previsti dall\u2019art. 7 del \u201cCodice\u201d fra i quali il diritto di accedere al registro del Garante oppure accedere, correggere, cancellare od opporsi al trattamento dei dati forniti scrivendo a:<\/p>\n<p><strong><em>Dario Castellino<\/em><\/strong><br \/>\n<em><strong>piazza Galimberti 11, Cuneo<\/strong><\/em><\/p>\n<p>La richiesta di cancellazione pu\u00f2 essere effettuata anche con semplice email scrivendo all&#8217;indirizzo istituzionale <strong><em>info@dariocastellino.it<\/em><\/strong> e indicando nell\u2019oggetto \u201crichiesta cancellazione e\/o modifica dati\u201d e i dati minimi per consentire l&#8217;espletamento della richiesta.<\/p>\n<h3>Cambiamenti alla tutela della privacy<\/h3>\n<p>La presente informativa potr\u00e0 essere soggetta a future modifiche.<\/p>\n","protected":false},"excerpt":{"rendered":"<p>Informativa relativa al trattamento di dati personali Decreto Legislativo del 30 giugno 2003 n. 196 Premessa Il D.LGS 196\/2003 (Codice in materia di protezione dei dati personali) disciplina il trattamento dei dati personali, intendendosi per trattamento \u201cqualunque operazione o complesso di operazioni effettuati anche senza l\u2019ausilio di strumenti elettronici, concernenti la raccolta, la registrazione, l\u2019organizzazione, [&hellip;]<\/p>\n","protected":false},"author":1,"featured_media":0,"parent":28,"menu_order":0,"comment_status":"open","ping_status":"open","template":"","meta":[],"_links":{"self":[{"href":"https:\/\/www.dariocastellino.it\/en\/wp-json\/wp\/v2\/pages\/688"}],"collection":[{"href":"https:\/\/www.dariocastellino.it\/en\/wp-json\/wp\/v2\/pages"}],"about":[{"href":"https:\/\/www.dariocastellino.it\/en\/wp-json\/wp\/v2\/types\/page"}],"author":[{"embeddable":true,"href":"https:\/\/www.dariocastellino.it\/en\/wp-json\/wp\/v2\/users\/1"}],"replies":[{"embeddable":true,"href":"https:\/\/www.dariocastellino.it\/en\/wp-json\/wp\/v2\/comments?post=688"}],"version-history":[{"count":4,"href":"https:\/\/www.dariocastellino.it\/en\/wp-json\/wp\/v2\/pages\/688\/revisions"}],"predecessor-version":[{"id":3379,"href":"https:\/\/www.dariocastellino.it\/en\/wp-json\/wp\/v2\/pages\/688\/revisions\/3379"}],"up":[{"embeddable":true,"href":"https:\/\/www.dariocastellino.it\/en\/wp-json\/wp\/v2\/pages\/28"}],"wp:attachment":[{"href":"https:\/\/www.dariocastellino.it\/en\/wp-json\/wp\/v2\/media?parent=688"}],"curies":[{"name":"wp","href":"https:\/\/api.w.org\/{rel}","templated":true}]}}